{"id":12363,"date":"2025-03-06T07:09:34","date_gmt":"2025-03-06T07:09:34","guid":{"rendered":"https:\/\/danistanomads.com\/?page_id=12363"},"modified":"2025-03-06T09:18:08","modified_gmt":"2025-03-06T09:18:08","slug":"car-rent","status":"publish","type":"page","link":"https:\/\/danistanomads.com\/vi\/car-rent\/","title":{"rendered":"Xe thu\u00ea"},"content":{"rendered":"<div data-elementor-type=\"wp-page\" data-elementor-id=\"12363\" class=\"elementor elementor-12363\" data-elementor-post-type=\"page\">\n\t\t\t\t<div class=\"elementor-element elementor-element-9b1b2aa e-flex e-con-boxed e-con e-parent\" data-id=\"9b1b2aa\" data-element_type=\"container\" data-e-type=\"container\">\n\t\t\t\t\t<div class=\"e-con-inner\">\n\t\t<div class=\"elementor-element elementor-element-6610e9b e-con-full e-flex e-con e-child\" data-id=\"6610e9b\" data-element_type=\"container\" data-e-type=\"container\">\n\t\t\t\t<div class=\"elementor-element elementor-element-2d135cf elementor-widget elementor-widget-image\" data-id=\"2d135cf\" data-element_type=\"widget\" data-e-type=\"widget\" data-widget_type=\"image.default\">\n\t\t\t\t<div class=\"elementor-widget-container\">\n\t\t\t\t\t\t\t\t\t\t\t\t\t\t\t<img fetchpriority=\"high\" decoding=\"async\" width=\"980\" height=\"735\" src=\"https:\/\/danistanomads.com\/wp-content\/uploads\/2020\/11\/19980119_01_02_s-1-1024x768.jpg\" class=\"attachment-large size-large wp-image-11384\" alt=\"\" srcset=\"https:\/\/danistanomads.com\/wp-content\/uploads\/2020\/11\/19980119_01_02_s-1-1024x768.jpg 1024w, https:\/\/danistanomads.com\/wp-content\/uploads\/2020\/11\/19980119_01_02_s-1-300x225.jpg 300w, https:\/\/danistanomads.com\/wp-content\/uploads\/2020\/11\/19980119_01_02_s-1-768x576.jpg 768w, https:\/\/danistanomads.com\/wp-content\/uploads\/2020\/11\/19980119_01_02_s-1-1536x1152.jpg 1536w, https:\/\/danistanomads.com\/wp-content\/uploads\/2020\/11\/19980119_01_02_s-1-600x450.jpg 600w, https:\/\/danistanomads.com\/wp-content\/uploads\/2020\/11\/19980119_01_02_s-1.jpg 1920w\" sizes=\"(max-width: 980px) 100vw, 980px\" \/>\t\t\t\t\t\t\t\t\t\t\t\t\t\t\t<\/div>\n\t\t\t\t<\/div>\n\t\t\t\t<\/div>\n\t\t<div class=\"elementor-element elementor-element-586fed4 e-con-full e-flex e-con e-child\" data-id=\"586fed4\" data-element_type=\"container\" data-e-type=\"container\">\n\t\t<div class=\"elementor-element elementor-element-b27f371 e-con-full e-flex e-con e-child\" data-id=\"b27f371\" data-element_type=\"container\" data-e-type=\"container\">\n\t\t\t\t<div class=\"elementor-element elementor-element-6ebfaae elementor-widget elementor-widget-text-editor\" data-id=\"6ebfaae\" data-element_type=\"widget\" data-e-type=\"widget\" data-widget_type=\"text-editor.default\">\n\t\t\t\t<div class=\"elementor-widget-container\">\n\t\t\t\t\t\t\t\t\t<p data-start=\"75\" data-end=\"140\"><strong data-start=\"75\" data-end=\"138\">Thu\u00ea m\u1ed9t Toyota 100 cho c\u1ed5 Phi\u00eau l\u01b0u<\/strong><\/p><p data-start=\"142\" data-end=\"332\">Ch\u00fang t\u00f4i cung c\u1ea5p duy tr\u00ec t\u1ed1t v\u00e0 \u0111\u00e1ng tin c\u1eady Toyota 100 xe c\u1ed9, \u0111\u01b0\u1ee3c trang b\u1ecb \u0111\u1ea7y \u0111\u1ee7 ch\u1ea5t l\u01b0\u1ee3ng cao thi\u1ebft b\u1ecb c\u1eafm tr\u1ea1i \u0111\u1ec3 l\u00e0m cho ngo\u00e0i \u0111\u01b0\u1eddng \u0111i trong M\u00f4ng c\u1ed5 tho\u1ea3i m\u00e1i v\u00e0 ph\u1ee9c t\u1ea1p.<\/p><p data-start=\"334\" data-end=\"486\">Cho d\u00f9 b\u1ea1n \u0111ang l\u1eadp k\u1ebf ho\u1ea1ch m\u1ed9t chuy\u1ebfn th\u00e1m hi\u1ec3m tr\u00ean d\u01b0\u1edbi sa M\u1ea1c ho\u1eb7c kh\u00e1m ph\u00e1 nh\u1eefng \u0111i\u1ec1u khi\u1ec3n t\u1eeb xa th\u1ea3o nguy\u00ean, xe c\u1ee7a ch\u00fang t\u00f4i \u0111ang chu\u1ea9n b\u1ecb s\u1eb5n s\u00e0ng cho b\u1ea5t c\u1ee9 \u0111\u1ecba h\u00ecnh v\u00e0 cu\u1ed9c phi\u00eau l\u01b0u.<\/p><p data-start=\"488\" data-end=\"597\">N\u1ebfu c\u00f3 th\u1eafc m\u1eafc hay y\u00eau c\u1ea7u \u0111\u1eb7c bi\u1ec7t, xin \u0111\u1eebng ng\u1ea7n ng\u1ea1i \u0111\u1ec3 li\u00ean l\u1ea1c v\u1edbi ch\u00fang t\u00f4i: <strong data-start=\"563\" data-end=\"594\"><a href=\"mailto:danistanomadstour@yahoo.com\" rel=\"noopener\" data-start=\"565\" data-end=\"592\">danistanomadstour@yahoo.com<\/a><\/strong>.<\/p><p data-start=\"599\" data-end=\"666\">Ch\u00fang t\u00f4i mong mu\u1ed1n gi\u00fap b\u1ea1n c\u1ea3m nh\u1eadn v\u1ebb \u0111\u1eb9p c\u1ee7a M\u00f4ng c\u1ed5!<\/p>\t\t\t\t\t\t\t\t<\/div>\n\t\t\t\t<\/div>\n\t\t\t\t<\/div>\n\t\t\t\t<div class=\"elementor-element elementor-element-a2d3490 elementor-widget elementor-widget-text-editor\" data-id=\"a2d3490\" data-element_type=\"widget\" data-e-type=\"widget\" data-widget_type=\"text-editor.default\">\n\t\t\t\t<div class=\"elementor-widget-container\">\n\t\t\t\t\t\t\t\t\t<p><strong>T\u1ea1i sao b\u1ea1n c\u1ea7n thu\u00ea m\u1ed9t chi\u1ebfc xe cho du l\u1ecbch \u1edf M\u00f4ng c\u1ed5.<\/strong><\/p><ul><li><strong style=\"color: var( --e-global-color-text ); text-align: var(--text-align);\" data-start=\"146\" data-end=\"169\">\u0110\u01b0\u1eddng T\u1eaft Cu\u1ed9c Phi\u00eau L\u01b0u<\/strong><span style=\"color: var( --e-global-color-text ); text-align: var(--text-align);\">: M\u00f4ng c\u1ed5, t\u1ed1t nh\u1ea5t l\u00e0 \u0111i du l\u1ecbch \u0111i\u1ec3m gi\u1ed1ng nh\u01b0 \u0110\u00f4ng sa M\u1ea1c, H\u00f4m N\u00fai, v\u00e0 Khuvsgul Lake \u2014 th\u01b0\u1eddng kh\u00f4ng c\u00f3 \u0111\u01b0\u1eddng giao th\u00f4ng, ch\u1ec9 c\u1ea7n theo d\u00f5i b\u1ee5i b\u1ea9n v\u00e0 th\u00f4 con \u0111\u01b0\u1eddng m\u00f2n. D\u1eabn \u0111\u1ed9ng 4 b\u00e1nh x\u1eed l\u00fd nh\u1eefng \u0111i\u1ec1u n\u00e0y m\u1ed9t c\u00e1ch d\u1ec5 d\u00e0ng.<\/span><\/li><li data-start=\"357\" data-end=\"528\"><p data-start=\"360\" data-end=\"528\"><strong data-start=\"360\" data-end=\"382\">\u0110i\u1ec1u Ki\u1ec7n Th\u1eddi Ti\u1ebft<\/strong>M\u01b0a c\u00f3 th\u1ec3 bi\u1ebfn con \u0111\u01b0\u1eddng \u0111\u1ea5t v\u00e0o b\u00f9n th\u00e1ch th\u1ee9c, v\u00e0 m\u00f9a \u0111\u00f4ng mang b\u0103ng tuy\u1ebft. D\u1eabn \u0111\u1ed9ng 4 b\u00e1nh cung c\u1ea5p c\u00e1c k\u00e9o v\u00e0 n\u0103ng l\u01b0\u1ee3ng c\u1ea7n thi\u1ebft \u0111\u1ec3 h\u01b0\u1edbng an to\u00e0n.<\/p><\/li><li data-start=\"530\" data-end=\"724\" data-is-only-node=\"\"><p data-start=\"533\" data-end=\"724\"><strong data-start=\"533\" data-end=\"553\">C\u00e1c \u0110\u1ecba \u0110i\u1ec3m T\u1eeb Xa<\/strong>Nhi\u1ec1u ng\u01b0\u1eddi M\u00f4ng c\u1ed5 l\u00e0 n\u01a1i \u0111\u1eb9p nh\u1ea5t \u0111ang \u1edf xa th\u00e0nh ph\u1ed1, kh\u00f4ng c\u00f3 g\u1ea7n c\u01a1 s\u1edf h\u1ea1 t\u1ea7ng. \u0110\u00e1ng tin c\u1eady 4WD \u0111\u1ea3m b\u1ea3o, b\u1ea1n c\u00f3 th\u1ec3 \u0111\u1ea1t \u0111\u01b0\u1ee3c nh\u1eefng \u0111\u1ed1m n\u00e0y m\u00e0 kh\u00f4ng b\u1ecb m\u1eafc k\u1eb9t.<\/p><\/li><li data-start=\"726\" data-end=\"910\"><p data-start=\"729\" data-end=\"910\"><strong data-start=\"729\" data-end=\"749\">C\u1eafm tr\u1ea1i v\u00e0 B\u00e1nh<\/strong>: Du kh\u00e1ch th\u01b0\u1eddng mang l\u1ec1u, v\u00e0 cung c\u1ea5p cho c\u00e1c chuy\u1ebfn \u0111i \u0111\u01b0\u1eddng d\u00e0i. D\u1eabn \u0111\u1ed9ng 4 b\u00e1nh cung c\u1ea5p \u0111\u1ee7 kh\u00f4ng gian v\u00e0 kh\u1ea3 n\u0103ng \u0111\u1ec3 th\u1ef1c hi\u1ec7n v\u1eadt n\u1eb7ng h\u01a1n \u0111\u1ecba h\u00ecnh kh\u00f3 kh\u0103n.<\/p><\/li><li data-start=\"912\" data-end=\"1056\"><p data-start=\"915\" data-end=\"1056\"><strong data-start=\"915\" data-end=\"934\">V\u01b0\u1ee3t S\u00f4ng<\/strong>Trong v\u00f9ng xa, b\u1ea1n c\u00f3 th\u1ec3 g\u1eb7p unbridged s\u00f4ng. M\u1ed9t d\u1eabn \u0111\u1ed9ng 4 b\u00e1nh c\u1ee7a g\u1ea7m cao v\u00e0 s\u1ee9c m\u1ea1nh l\u00e0m cho c\u00e1c c\u1eeda c\u00f3 th\u1ec3.<\/p><\/li><li data-start=\"1058\" data-end=\"1249\"><p data-start=\"1061\" data-end=\"1249\"><strong data-start=\"1061\" data-end=\"1090\">\u0110\u1ed9ng v\u1eadt hoang d\u00e3 v\u00e0 S\u1ed1ng Du m\u1ee5c<\/strong>N\u1ebfu b\u1ea1n mu\u1ed1n \u0111\u1ec3 th\u0103m gia \u0111\u00ecnh du m\u1ee5c, kh\u00e1m ph\u00e1 nh\u1eefng th\u1ea3o nguy\u00ean, ho\u1eb7c xem \u0111\u1ed9ng v\u1eadt hoang d\u00e3, b\u1ea1n s\u1ebd th\u01b0\u1eddng xuy\u00ean c\u1ea7n ph\u1ea3i l\u00e1i xe ra th\u00e0nh l\u1eadp, nh\u1eefng con \u0111\u01b0\u1eddng m\u00e0 d\u1eabn \u0111\u1ed9ng 4 b\u00e1nh \u0111\u01b0\u1ee3c x\u00e2y d\u1ef1ng f<\/p><\/li><\/ul>\t\t\t\t\t\t\t\t<\/div>\n\t\t\t\t<\/div>\n\t\t<div class=\"elementor-element elementor-element-e537281 e-con-full e-flex e-con e-child\" data-id=\"e537281\" data-element_type=\"container\" data-e-type=\"container\">\n\t\t\t\t<div class=\"elementor-element elementor-element-c62e091 elementor-widget elementor-widget-text-editor\" data-id=\"c62e091\" data-element_type=\"widget\" data-e-type=\"widget\" data-widget_type=\"text-editor.default\">\n\t\t\t\t<div class=\"elementor-widget-container\">\n\t\t\t\t\t\t\t\t\t<p>Th\u00eam m\u1ed9t \u0111o\u1ea1n v\u0103n b\u1ea3n \u1edf \u0111\u00e2y. Nh\u1ea5p v\u00e0o \u00f4 v\u0103n b\u1ea3n \u0111\u1ec3 t\u00f9y ch\u1ec9nh n\u1ed9i dung, phong c\u00e1ch ph\u00f4ng ch\u1eef v\u00e0 m\u00e0u s\u1eafc c\u1ee7a \u0111o\u1ea1n v\u0103n c\u1ee7a b\u1ea1n.<\/p>\t\t\t\t\t\t\t\t<\/div>\n\t\t\t\t<\/div>\n\t\t\t\t<\/div>\n\t\t\t\t<\/div>\n\t\t\t\t\t<\/div>\n\t\t\t\t<\/div>\n\t\t\t\t<\/div>","protected":false},"excerpt":{"rendered":"<p>Rent a Toyota Land Cruiser 100 for Your Mongolian Adventure We offer well-maintained and reliable Toyota Land Cruiser 100 vehicles, fully equipped with high-quality camping gear to make your off-road travels in Mongolia comfortable and hassle-free. Whether you\u2019re planning an expedition across the Gobi Desert or exploring the remote steppes, our vehicles are prepared for [&hellip;]<\/p>\n","protected":false},"author":1,"featured_media":0,"parent":0,"menu_order":0,"comment_status":"closed","ping_status":"closed","template":"","meta":{"footnotes":""},"class_list":["post-12363","page","type-page","status-publish","hentry"],"yoast_head":"<!-- This site is optimized with the Yoast SEO Premium plugin v26.6 (Yoast SEO v27.4) - https:\/\/yoast.com\/product\/yoast-seo-premium-wordpress\/ -->\n<title>Car Rent Mongolia for Off-Road Adventures - Travel to Mongolia %<\/title>\n<meta name=\"description\" content=\"Discover the best way to explore Mongolia with a car rent Mongolia service. Rent a Toyota Land Cruiser for your adventure.\" \/>\n<meta name=\"robots\" content=\"index, follow, max-snippet:-1, max-image-preview:large, max-video-preview:-1\" \/>\n<link rel=\"canonical\" href=\"https:\/\/danistanomads.com\/vi\/car-rent\/\" \/>\n<meta property=\"og:locale\" content=\"vi_VN\" \/>\n<meta property=\"og:type\" content=\"article\" \/>\n<meta property=\"og:title\" content=\"Car rent\" \/>\n<meta property=\"og:description\" content=\"Why you need a rent car for travel in Mongolia.Off-Road Adventures: Mongolia\u2019s best travel spots \u2014 like the Gobi Desert, Altai Mountains, and Khuvsgul Lake \u2014 often have no paved roads, just dirt tracks and rough trails. A 4WD handles these with ease.Weather Conditions: Rain can turn dirt roads into muddy challenges, and winter brings snow and ice. A 4WD offers the traction and power needed to navigate safely.Remote Locations: Many of Mongolia\u2019s most beautiful places are far from cities, with no nearby infrastructure. A reliable 4WD ensures you can reach these spots without getting stranded.Camping and Gear: Travelers often bring tents, food, and supplies for long road trips. A 4WD provides enough space and the ability to carry heavy loads over difficult terrain.River Crossings: In remote areas, you might encounter unbridged rivers. A 4WD\u2019s high clearance and power make these crossings possible.Wildlife and Nomadic Life: If you want to visit nomadic families, explore the steppes, or watch wildlife, you\u2019ll often need to drive off established paths \u2014 which a 4WD is built f\" \/>\n<meta property=\"og:url\" content=\"https:\/\/danistanomads.com\/vi\/car-rent\/\" \/>\n<meta property=\"og:site_name\" content=\"Travel to Mongolia\" \/>\n<meta property=\"article:modified_time\" content=\"2025-03-06T09:18:08+00:00\" \/>\n<meta property=\"og:image\" content=\"http:\/\/danistanomads.com\/wp-content\/uploads\/2020\/11\/19980119_01_02_s-1-1024x768.jpg\" \/>\n<meta name=\"twitter:card\" content=\"summary_large_image\" \/>\n<meta name=\"twitter:label1\" content=\"\u01af\u1edbc t\u00ednh th\u1eddi gian \u0111\u1ecdc\" \/>\n\t<meta name=\"twitter:data1\" content=\"2 ph\u00fat\" \/>\n<script type=\"application\/ld+json\" class=\"yoast-schema-graph\">{\"@context\":\"https:\\\/\\\/schema.org\",\"@graph\":[{\"@type\":\"WebPage\",\"@id\":\"https:\\\/\\\/danistanomads.com\\\/ko\\\/car-rent\\\/\",\"url\":\"https:\\\/\\\/danistanomads.com\\\/ko\\\/car-rent\\\/\",\"name\":\"Car Rent Mongolia for Off-Road Adventures - Travel to Mongolia %\",\"isPartOf\":{\"@id\":\"https:\\\/\\\/danistanomads.com\\\/#website\"},\"primaryImageOfPage\":{\"@id\":\"https:\\\/\\\/danistanomads.com\\\/ko\\\/car-rent\\\/#primaryimage\"},\"image\":{\"@id\":\"https:\\\/\\\/danistanomads.com\\\/ko\\\/car-rent\\\/#primaryimage\"},\"thumbnailUrl\":\"http:\\\/\\\/danistanomads.com\\\/wp-content\\\/uploads\\\/2020\\\/11\\\/19980119_01_02_s-1-1024x768.jpg\",\"datePublished\":\"2025-03-06T07:09:34+00:00\",\"dateModified\":\"2025-03-06T09:18:08+00:00\",\"description\":\"Discover the best way to explore Mongolia with a car rent Mongolia service. Rent a Toyota Land Cruiser for your adventure.\",\"breadcrumb\":{\"@id\":\"https:\\\/\\\/danistanomads.com\\\/ko\\\/car-rent\\\/#breadcrumb\"},\"inLanguage\":\"vi\",\"potentialAction\":[{\"@type\":\"ReadAction\",\"target\":[\"https:\\\/\\\/danistanomads.com\\\/ko\\\/car-rent\\\/\"]}]},{\"@type\":\"ImageObject\",\"inLanguage\":\"vi\",\"@id\":\"https:\\\/\\\/danistanomads.com\\\/ko\\\/car-rent\\\/#primaryimage\",\"url\":\"http:\\\/\\\/danistanomads.com\\\/wp-content\\\/uploads\\\/2020\\\/11\\\/19980119_01_02_s-1-1024x768.jpg\",\"contentUrl\":\"http:\\\/\\\/danistanomads.com\\\/wp-content\\\/uploads\\\/2020\\\/11\\\/19980119_01_02_s-1-1024x768.jpg\"},{\"@type\":\"BreadcrumbList\",\"@id\":\"https:\\\/\\\/danistanomads.com\\\/ko\\\/car-rent\\\/#breadcrumb\",\"itemListElement\":[{\"@type\":\"ListItem\",\"position\":1,\"name\":\"Home\",\"item\":\"https:\\\/\\\/danistanomads.com\\\/\"},{\"@type\":\"ListItem\",\"position\":2,\"name\":\"Car rent\"}]},{\"@type\":\"WebSite\",\"@id\":\"https:\\\/\\\/danistanomads.com\\\/#website\",\"url\":\"https:\\\/\\\/danistanomads.com\\\/\",\"name\":\"Danista Nomads Tour\",\"description\":\"Tour to Mongolia-Gobi Tour -Central Mongolia -Khuvsgul lake tour\",\"publisher\":{\"@id\":\"https:\\\/\\\/danistanomads.com\\\/#organization\"},\"potentialAction\":[{\"@type\":\"SearchAction\",\"target\":{\"@type\":\"EntryPoint\",\"urlTemplate\":\"https:\\\/\\\/danistanomads.com\\\/?s={search_term_string}\"},\"query-input\":{\"@type\":\"PropertyValueSpecification\",\"valueRequired\":true,\"valueName\":\"search_term_string\"}}],\"inLanguage\":\"vi\"},{\"@type\":\"Organization\",\"@id\":\"https:\\\/\\\/danistanomads.com\\\/#organization\",\"name\":\"Danista Nomads Tour\",\"url\":\"https:\\\/\\\/danistanomads.com\\\/\",\"logo\":{\"@type\":\"ImageObject\",\"inLanguage\":\"vi\",\"@id\":\"https:\\\/\\\/danistanomads.com\\\/#\\\/schema\\\/logo\\\/image\\\/\",\"url\":\"https:\\\/\\\/danistanomads.com\\\/wp-content\\\/uploads\\\/2024\\\/11\\\/cropped-Untitled-design-4.png\",\"contentUrl\":\"https:\\\/\\\/danistanomads.com\\\/wp-content\\\/uploads\\\/2024\\\/11\\\/cropped-Untitled-design-4.png\",\"width\":500,\"height\":266,\"caption\":\"Danista Nomads Tour\"},\"image\":{\"@id\":\"https:\\\/\\\/danistanomads.com\\\/#\\\/schema\\\/logo\\\/image\\\/\"}}]}<\/script>\n<!-- \/ Yoast SEO Premium plugin. -->","yoast_head_json":{"title":"Xe Thu\u00ea M\u00f4ng c\u1ed5 \u0110\u01b0\u1eddng T\u1eaft cu\u1ed9c Phi\u00eau l\u01b0u - \u0110i du l\u1ecbch \u0111\u1ebfn M\u00f4ng c\u1ed5 %","description":"Kh\u00e1m ph\u00e1 ra c\u00e1ch t\u1ed1t nh\u1ea5t \u0111\u1ec3 kh\u00e1m ph\u00e1 M\u00f4ng c\u1ed5 v\u1edbi m\u1ed9t chi\u1ebfc xe thu\u00ea M\u00f4ng c\u1ed5 v\u1ee5. Thu\u00ea m\u1ed9t Toyota cho cu\u1ed9c phi\u00eau l\u01b0u c\u1ee7a b\u1ea1n.","robots":{"index":"index","follow":"follow","max-snippet":"max-snippet:-1","max-image-preview":"max-image-preview:large","max-video-preview":"max-video-preview:-1"},"canonical":"https:\/\/danistanomads.com\/vi\/car-rent\/","og_locale":"vi_VN","og_type":"article","og_title":"Car rent","og_description":"Why you need a rent car for travel in Mongolia.Off-Road Adventures: Mongolia\u2019s best travel spots \u2014 like the Gobi Desert, Altai Mountains, and Khuvsgul Lake \u2014 often have no paved roads, just dirt tracks and rough trails. A 4WD handles these with ease.Weather Conditions: Rain can turn dirt roads into muddy challenges, and winter brings snow and ice. A 4WD offers the traction and power needed to navigate safely.Remote Locations: Many of Mongolia\u2019s most beautiful places are far from cities, with no nearby infrastructure. A reliable 4WD ensures you can reach these spots without getting stranded.Camping and Gear: Travelers often bring tents, food, and supplies for long road trips. A 4WD provides enough space and the ability to carry heavy loads over difficult terrain.River Crossings: In remote areas, you might encounter unbridged rivers. A 4WD\u2019s high clearance and power make these crossings possible.Wildlife and Nomadic Life: If you want to visit nomadic families, explore the steppes, or watch wildlife, you\u2019ll often need to drive off established paths \u2014 which a 4WD is built f","og_url":"https:\/\/danistanomads.com\/vi\/car-rent\/","og_site_name":"Travel to Mongolia","article_modified_time":"2025-03-06T09:18:08+00:00","og_image":[{"url":"http:\/\/danistanomads.com\/wp-content\/uploads\/2020\/11\/19980119_01_02_s-1-1024x768.jpg","type":"","width":"","height":""}],"twitter_card":"summary_large_image","twitter_misc":{"\u01af\u1edbc t\u00ednh th\u1eddi gian \u0111\u1ecdc":"2 ph\u00fat"},"schema":{"@context":"https:\/\/schema.org","@graph":[{"@type":"WebPage","@id":"https:\/\/danistanomads.com\/ko\/car-rent\/","url":"https:\/\/danistanomads.com\/ko\/car-rent\/","name":"Xe Thu\u00ea M\u00f4ng c\u1ed5 \u0110\u01b0\u1eddng T\u1eaft cu\u1ed9c Phi\u00eau l\u01b0u - \u0110i du l\u1ecbch \u0111\u1ebfn M\u00f4ng c\u1ed5 %","isPartOf":{"@id":"https:\/\/danistanomads.com\/#website"},"primaryImageOfPage":{"@id":"https:\/\/danistanomads.com\/ko\/car-rent\/#primaryimage"},"image":{"@id":"https:\/\/danistanomads.com\/ko\/car-rent\/#primaryimage"},"thumbnailUrl":"http:\/\/danistanomads.com\/wp-content\/uploads\/2020\/11\/19980119_01_02_s-1-1024x768.jpg","datePublished":"2025-03-06T07:09:34+00:00","dateModified":"2025-03-06T09:18:08+00:00","description":"Kh\u00e1m ph\u00e1 ra c\u00e1ch t\u1ed1t nh\u1ea5t \u0111\u1ec3 kh\u00e1m ph\u00e1 M\u00f4ng c\u1ed5 v\u1edbi m\u1ed9t chi\u1ebfc xe thu\u00ea M\u00f4ng c\u1ed5 v\u1ee5. Thu\u00ea m\u1ed9t Toyota cho cu\u1ed9c phi\u00eau l\u01b0u c\u1ee7a b\u1ea1n.","breadcrumb":{"@id":"https:\/\/danistanomads.com\/ko\/car-rent\/#breadcrumb"},"inLanguage":"vi","potentialAction":[{"@type":"ReadAction","target":["https:\/\/danistanomads.com\/ko\/car-rent\/"]}]},{"@type":"ImageObject","inLanguage":"vi","@id":"https:\/\/danistanomads.com\/ko\/car-rent\/#primaryimage","url":"http:\/\/danistanomads.com\/wp-content\/uploads\/2020\/11\/19980119_01_02_s-1-1024x768.jpg","contentUrl":"http:\/\/danistanomads.com\/wp-content\/uploads\/2020\/11\/19980119_01_02_s-1-1024x768.jpg"},{"@type":"BreadcrumbList","@id":"https:\/\/danistanomads.com\/ko\/car-rent\/#breadcrumb","itemListElement":[{"@type":"ListItem","position":1,"name":"Home","item":"https:\/\/danistanomads.com\/"},{"@type":"ListItem","position":2,"name":"Car rent"}]},{"@type":"WebSite","@id":"https:\/\/danistanomads.com\/#website","url":"https:\/\/danistanomads.com\/","name":"Danista Ng\u01b0\u1eddi Du M\u1ee5c Tour","description":"Tour du l\u1ecbch \u0111\u1ebfn Mongolia-\u0110\u00f4ng Tour -Trung, Mongolia-Khuvsgul h\u1ed3 tour","publisher":{"@id":"https:\/\/danistanomads.com\/#organization"},"potentialAction":[{"@type":"SearchAction","target":{"@type":"EntryPoint","urlTemplate":"https:\/\/danistanomads.com\/?s={search_term_string}"},"query-input":{"@type":"PropertyValueSpecification","valueRequired":true,"valueName":"search_term_string"}}],"inLanguage":"vi"},{"@type":"Organization","@id":"https:\/\/danistanomads.com\/#organization","name":"Danista Ng\u01b0\u1eddi Du M\u1ee5c Tour","url":"https:\/\/danistanomads.com\/","logo":{"@type":"ImageObject","inLanguage":"vi","@id":"https:\/\/danistanomads.com\/#\/schema\/logo\/image\/","url":"https:\/\/danistanomads.com\/wp-content\/uploads\/2024\/11\/cropped-Untitled-design-4.png","contentUrl":"https:\/\/danistanomads.com\/wp-content\/uploads\/2024\/11\/cropped-Untitled-design-4.png","width":500,"height":266,"caption":"Danista Nomads Tour"},"image":{"@id":"https:\/\/danistanomads.com\/#\/schema\/logo\/image\/"}}]}},"_links":{"self":[{"href":"https:\/\/danistanomads.com\/vi\/wp-json\/wp\/v2\/pages\/12363","targetHints":{"allow":["GET"]}}],"collection":[{"href":"https:\/\/danistanomads.com\/vi\/wp-json\/wp\/v2\/pages"}],"about":[{"href":"https:\/\/danistanomads.com\/vi\/wp-json\/wp\/v2\/types\/page"}],"author":[{"embeddable":true,"href":"https:\/\/danistanomads.com\/vi\/wp-json\/wp\/v2\/users\/1"}],"replies":[{"embeddable":true,"href":"https:\/\/danistanomads.com\/vi\/wp-json\/wp\/v2\/comments?post=12363"}],"version-history":[{"count":18,"href":"https:\/\/danistanomads.com\/vi\/wp-json\/wp\/v2\/pages\/12363\/revisions"}],"predecessor-version":[{"id":12383,"href":"https:\/\/danistanomads.com\/vi\/wp-json\/wp\/v2\/pages\/12363\/revisions\/12383"}],"wp:attachment":[{"href":"https:\/\/danistanomads.com\/vi\/wp-json\/wp\/v2\/media?parent=12363"}],"curies":[{"name":"wp","href":"https:\/\/api.w.org\/{rel}","templated":true}]}}