{"id":12363,"date":"2025-03-06T07:09:34","date_gmt":"2025-03-06T07:09:34","guid":{"rendered":"https:\/\/danistanomads.com\/?page_id=12363"},"modified":"2025-03-06T09:18:08","modified_gmt":"2025-03-06T09:18:08","slug":"car-rent","status":"publish","type":"page","link":"https:\/\/danistanomads.com\/ja\/car-rent\/","title":{"rendered":"\u8eca\u8cc3\u6599"},"content":{"rendered":"<div data-elementor-type=\"wp-page\" data-elementor-id=\"12363\" class=\"elementor elementor-12363\" data-elementor-post-type=\"page\">\n\t\t\t\t<div class=\"elementor-element elementor-element-9b1b2aa e-flex e-con-boxed e-con e-parent\" data-id=\"9b1b2aa\" data-element_type=\"container\" data-e-type=\"container\">\n\t\t\t\t\t<div class=\"e-con-inner\">\n\t\t<div class=\"elementor-element elementor-element-6610e9b e-con-full e-flex e-con e-child\" data-id=\"6610e9b\" data-element_type=\"container\" data-e-type=\"container\">\n\t\t\t\t<div class=\"elementor-element elementor-element-2d135cf elementor-widget elementor-widget-image\" data-id=\"2d135cf\" data-element_type=\"widget\" data-e-type=\"widget\" data-widget_type=\"image.default\">\n\t\t\t\t<div class=\"elementor-widget-container\">\n\t\t\t\t\t\t\t\t\t\t\t\t\t\t\t<img fetchpriority=\"high\" decoding=\"async\" width=\"980\" height=\"735\" src=\"https:\/\/danistanomads.com\/wp-content\/uploads\/2020\/11\/19980119_01_02_s-1-1024x768.jpg\" class=\"attachment-large size-large wp-image-11384\" alt=\"\" srcset=\"https:\/\/danistanomads.com\/wp-content\/uploads\/2020\/11\/19980119_01_02_s-1-1024x768.jpg 1024w, https:\/\/danistanomads.com\/wp-content\/uploads\/2020\/11\/19980119_01_02_s-1-300x225.jpg 300w, https:\/\/danistanomads.com\/wp-content\/uploads\/2020\/11\/19980119_01_02_s-1-768x576.jpg 768w, https:\/\/danistanomads.com\/wp-content\/uploads\/2020\/11\/19980119_01_02_s-1-1536x1152.jpg 1536w, https:\/\/danistanomads.com\/wp-content\/uploads\/2020\/11\/19980119_01_02_s-1-600x450.jpg 600w, https:\/\/danistanomads.com\/wp-content\/uploads\/2020\/11\/19980119_01_02_s-1.jpg 1920w\" sizes=\"(max-width: 980px) 100vw, 980px\" \/>\t\t\t\t\t\t\t\t\t\t\t\t\t\t\t<\/div>\n\t\t\t\t<\/div>\n\t\t\t\t<\/div>\n\t\t<div class=\"elementor-element elementor-element-586fed4 e-con-full e-flex e-con e-child\" data-id=\"586fed4\" data-element_type=\"container\" data-e-type=\"container\">\n\t\t<div class=\"elementor-element elementor-element-b27f371 e-con-full e-flex e-con e-child\" data-id=\"b27f371\" data-element_type=\"container\" data-e-type=\"container\">\n\t\t\t\t<div class=\"elementor-element elementor-element-6ebfaae elementor-widget elementor-widget-text-editor\" data-id=\"6ebfaae\" data-element_type=\"widget\" data-e-type=\"widget\" data-widget_type=\"text-editor.default\">\n\t\t\t\t<div class=\"elementor-widget-container\">\n\t\t\t\t\t\t\t\t\t<p data-start=\"75\" data-end=\"140\"><strong data-start=\"75\" data-end=\"138\">\u5bb6\u8cc3\u30c8\u30e8\u30bf\u30e9\u30f3\u30c9\u30af\u30eb\u30fc\u30b6\u30fc100\u5fa1\u30e2\u30f3\u30b4\u30eb\u8a9e\u306e\u5192\u967a<\/strong><\/p><p data-start=\"142\" data-end=\"332\">\u307e\u305f\u3001\u3088\u304f\u7dad\u6301\u3055\u308c\u3001\u4fe1\u983c\u6027\u306e\u30c8\u30e8\u30bf\u30e9\u30f3\u30c9\u30af\u30eb\u30fc\u30b6\u30fc100\u8eca\u4e21\u3092\u5b8c\u5099\u3057\u3001\u9ad8\u54c1\u8cea\u306e\u30ad\u30e3\u30f3\u30d7\u30ae\u30a2\u306b\u30aa\u30d5\u30ed\u30fc\u30c9\u306e\u65c5\u306e\u30e2\u30f3\u30b4\u30eb\u3067\u306e\u5feb\u9069\u306a\u30af\u30ec\u30b8\u30c3\u30c8\u30ab\u30fc\u30c9\u3067\u7c21\u5358\u7121\u6599\u3067\u3059\u3002<\/p><p data-start=\"334\" data-end=\"486\">\u307e\u305f\u3001\u63a2\u691c\u968a\u306e\u30b4\u30d3\u7802\u6f20\u306f\u3001\u30ea\u30e2\u30fc\u30c8\u8349\u539f\u306f\u3001\u81ea\u52d5\u8eca\u306b\u5099\u3048\u308b\u4f53\u5236\u3092\u6574\u5099\u3057\u305f\u5730\u5f62\u3084\u5192\u967a\u3092\u3057\u307e\u3057\u305f\u3002<\/p><p data-start=\"488\" data-end=\"597\">\u304a\u554f\u3044\u5408\u308f\u305b\u306f\u554f\u3044\u5408\u308f\u305b\u304f\u3060\u3055\u3044\u304a\u6c17\u8efd\u306b\u304a\u554f\u3044\u5408\u308f\u305b\u304f\u3060\u3055\u3044: <strong data-start=\"563\" data-end=\"594\"><a href=\"\/ja\/7 ng\u00e0y, Trung M\u00f4ng c\u1ed5 v\u00e0 \u0110\u00f4ng - \u0110i du l\u1ecbch \u0111\u1ebfn Mongolia\/\" rel=\"noopener\" data-start=\"565\" data-end=\"592\">danistanomadstour@yahoo.com<\/a><\/strong>.<\/p><p data-start=\"599\" data-end=\"666\">\u6211\u3005\u306e\u304a\u624b\u4f1d\u3044\u306e\u7f8e\u3057\u3055\u3092\u4f53\u9a13\u30e2\u30f3\u30b4\u30eb!<\/p>\t\t\t\t\t\t\t\t<\/div>\n\t\t\t\t<\/div>\n\t\t\t\t<\/div>\n\t\t\t\t<div class=\"elementor-element elementor-element-a2d3490 elementor-widget elementor-widget-text-editor\" data-id=\"a2d3490\" data-element_type=\"widget\" data-e-type=\"widget\" data-widget_type=\"text-editor.default\">\n\t\t\t\t<div class=\"elementor-widget-container\">\n\t\t\t\t\t\t\t\t\t<p><strong>\u306a\u305c\u5fc5\u8981\u306a\u306e\u5bb6\u8cc3\u306f\u8eca\u306e\u65c5\u3002<\/strong><\/p><ul><li><strong style=\"color: var( --e-global-color-text ); text-align: var(--text-align);\" data-start=\"146\" data-end=\"169\">Off-Road\u30a2<\/strong><span style=\"color: var( --e-global-color-text ); text-align: var(--text-align);\">\u30e2\u30f3\u30b4\u30eb\u56fd\u5185\u306b\u3042\u308b\u30b9\u30dd\u30c3\u30c8\u306b\u306f\u30b4\u30d3\u7802\u6f20\u30a2\u30eb\u30bf\u30a4\u5c71\u8108\u3001Khuvsgul\u6e56\u304c\u306a\u3044\u9053\u8def\u3001\u30af\u30e9\u30d5\u304c\u8caf\u307e\u308a\u307e\u3059\u3002 A4WD\u53d6\u308a\u6271\u3046\u3053\u3068\u3067\u3059\u3002<\/span><\/li><li data-start=\"357\" data-end=\"528\"><p data-start=\"360\" data-end=\"528\"><strong data-start=\"360\" data-end=\"382\">\u6c17\u8c61\u6761\u4ef6<\/strong>\uff1a\u96e8\u3067\u6c5a\u308c\u3092\u9053\u8def\u6ce5\u306e\u8ab2\u984c\u3068\u51ac\u306e\u5439\u96ea\u6c37. A4WD\u306e\u727d\u5f15\u529b\u306b\u5fc5\u8981\u306a\u30ca\u30d3\u30b2\u30fc\u30c8\u3057\u307e\u3059\u3002<\/p><\/li><li data-start=\"530\" data-end=\"724\" data-is-only-node=\"\"><p data-start=\"533\" data-end=\"724\"><strong data-start=\"533\" data-end=\"553\">\u9060\u9694\u5730<\/strong>\u591a\u304f\u306e\u30e2\u30f3\u30b4\u30eb\u3067\u6700\u3082\u7f8e\u3057\u3044\u5834\u6240\u306f\u9060\u304f\u304b\u3089\u306e\u90fd\u5e02\u306f\u3001\u8fd1\u304f\u306e\u30a4\u30f3\u30d5\u30e9\u3067\u3059\u3002 \u4fe1\u983c\u3055\u308c\u308b4WD\u3092\u78ba\u4fdd\u3067\u304d\u308b\u3053\u308c\u3089\u306e\u30b9\u30dd\u30c3\u30c8\u306a\u6f02.<\/p><\/li><li data-start=\"726\" data-end=\"910\"><p data-start=\"729\" data-end=\"910\"><strong data-start=\"729\" data-end=\"749\">\u30ad\u30e3\u30f3\u30d7\u3084\u30ae\u30e4<\/strong>\u65c5\u3070\u30c6\u30f3\u30c8\u3001\u98df\u54c1\u3001\u304a\u3088\u3073\u4f9b\u7d66\u306e\u305f\u3081\u306e\u9577\u3044\u9053\u306e\u308a\u307e\u3059\u3002 A4WD \u30fc\u30b9\u30da\u30fc\u30b9\u3092\u5341\u5206\u306b\u80fd\u529b\u3092\u8377\u91cd\u4ee5\u4e0a\u306e\u96e3\u3057\u307e\u3059\u3002<\/p><\/li><li data-start=\"912\" data-end=\"1056\"><p data-start=\"915\" data-end=\"1056\"><strong data-start=\"915\" data-end=\"934\">\u5ddd\u4ea4\u5dee<\/strong>\uff1a\u9060\u9694\u5730\u306e\u5834\u3068\u306e\u51fa\u4f1a\u3044unbridged\u3002 A4WD\u306e\u30a2\u30b9\u96fb\u6e90\u3053\u308c\u3089\u306e\u8e0f\u5207\u304c\u53ef\u80fd\u3067\u3059\u3002<\/p><\/li><li data-start=\"1058\" data-end=\"1249\"><p data-start=\"1061\" data-end=\"1249\"><strong data-start=\"1061\" data-end=\"1090\">\u91ce\u751f\u52d5\u7269\u3068\u904a\u7267\u751f\u6d3b<\/strong>\u307e\u305f\u904a\u7267\u6c11\u306e\u5bb6\u65cf\u3001\u8349\u539f\u3001\u91ce\u751f\u751f\u7269\u306e\u751f\u304d\u304c\u5fc5\u8981\u3068\u306a\u308b\u30b1\u30fc\u30b9\u304c\u5c11\u306a\u304f\u3042\u308a\u306b\u8a2d\u7f6e\u30d1\u30b9\u2014a4WD\u306ff<\/p><\/li><\/ul>\t\t\t\t\t\t\t\t<\/div>\n\t\t\t\t<\/div>\n\t\t<div class=\"elementor-element elementor-element-e537281 e-con-full e-flex e-con e-child\" data-id=\"e537281\" data-element_type=\"container\" data-e-type=\"container\">\n\t\t\t\t<div class=\"elementor-element elementor-element-c62e091 elementor-widget elementor-widget-text-editor\" data-id=\"c62e091\" data-element_type=\"widget\" data-e-type=\"widget\" data-widget_type=\"text-editor.default\">\n\t\t\t\t<div class=\"elementor-widget-container\">\n\t\t\t\t\t\t\t\t\t<p>\u543e\u8f29\u306f\u732b\u3067\u3042\u308b\u3002\u540d\u524d\u306f\u307e\u3060\u306a\u3044\u3002\u3069\u3053\u3067\u751f\u308c\u305f\u304b\u9813\u3068\u898b\u5f53\u304c\u3064\u304b\u306c\u3002\u4f55\u3067\u3082\u8584\u6697\u3044\u3058\u3081\u3058\u3081\u3057\u305f\u6240\u3067\u30cb\u30e3\u30fc\u30cb\u30e3\u30fc\u6ce3\u3044\u3066\u3044\u305f\u4e8b\u3060\u3051\u306f\u8a18\u61b6\u3057\u3066\u3044\u308b\u3002<\/p>\t\t\t\t\t\t\t\t<\/div>\n\t\t\t\t<\/div>\n\t\t\t\t<\/div>\n\t\t\t\t<\/div>\n\t\t\t\t\t<\/div>\n\t\t\t\t<\/div>\n\t\t\t\t<\/div>","protected":false},"excerpt":{"rendered":"<p>Rent a Toyota Land Cruiser 100 for Your Mongolian Adventure We offer well-maintained and reliable Toyota Land Cruiser 100 vehicles, fully equipped with high-quality camping gear to make your off-road travels in Mongolia comfortable and hassle-free. Whether you\u2019re planning an expedition across the Gobi Desert or exploring the remote steppes, our vehicles are prepared for any terrain and adventure. For inquiries or special requests, please don\u2019t hesitate to contact us at: danistanomadstour@yahoo.com. We look forward to helping you experience the beauty of Mongolia! Why you need a rent car for travel in Mongolia. Off-Road Adventures: Mongolia\u2019s best travel spots \u2014 like the Gobi Desert, Altai Mountains, and Khuvsgul Lake \u2014 [&hellip;]<\/p>\n","protected":false},"author":1,"featured_media":0,"parent":0,"menu_order":0,"comment_status":"closed","ping_status":"closed","template":"","meta":{"footnotes":""},"class_list":["post-12363","page","type-page","status-publish","hentry"],"yoast_head":"<!-- This site is optimized with the Yoast SEO Premium plugin v26.6 (Yoast SEO v27.4) - https:\/\/yoast.com\/product\/yoast-seo-premium-wordpress\/ -->\n<title>Car Rent Mongolia for Off-Road Adventures - Travel to Mongolia %<\/title>\n<meta name=\"description\" content=\"Discover the best way to explore Mongolia with a car rent Mongolia service. Rent a Toyota Land Cruiser for your adventure.\" \/>\n<meta name=\"robots\" content=\"index, follow, max-snippet:-1, max-image-preview:large, max-video-preview:-1\" \/>\n<link rel=\"canonical\" href=\"https:\/\/danistanomads.com\/ja\/car-rent\/\" \/>\n<meta property=\"og:locale\" content=\"ja_JP\" \/>\n<meta property=\"og:type\" content=\"article\" \/>\n<meta property=\"og:title\" content=\"Car rent\" \/>\n<meta property=\"og:description\" content=\"Why you need a rent car for travel in Mongolia.Off-Road Adventures: Mongolia\u2019s best travel spots \u2014 like the Gobi Desert, Altai Mountains, and Khuvsgul Lake \u2014 often have no paved roads, just dirt tracks and rough trails. A 4WD handles these with ease.Weather Conditions: Rain can turn dirt roads into muddy challenges, and winter brings snow and ice. A 4WD offers the traction and power needed to navigate safely.Remote Locations: Many of Mongolia\u2019s most beautiful places are far from cities, with no nearby infrastructure. A reliable 4WD ensures you can reach these spots without getting stranded.Camping and Gear: Travelers often bring tents, food, and supplies for long road trips. A 4WD provides enough space and the ability to carry heavy loads over difficult terrain.River Crossings: In remote areas, you might encounter unbridged rivers. A 4WD\u2019s high clearance and power make these crossings possible.Wildlife and Nomadic Life: If you want to visit nomadic families, explore the steppes, or watch wildlife, you\u2019ll often need to drive off established paths \u2014 which a 4WD is built f\" \/>\n<meta property=\"og:url\" content=\"https:\/\/danistanomads.com\/ja\/car-rent\/\" \/>\n<meta property=\"og:site_name\" content=\"Travel to Mongolia\" \/>\n<meta property=\"article:modified_time\" content=\"2025-03-06T09:18:08+00:00\" \/>\n<meta property=\"og:image\" content=\"http:\/\/danistanomads.com\/wp-content\/uploads\/2020\/11\/19980119_01_02_s-1-1024x768.jpg\" \/>\n<meta name=\"twitter:card\" content=\"summary_large_image\" \/>\n<meta name=\"twitter:label1\" content=\"\u63a8\u5b9a\u8aad\u307f\u53d6\u308a\u6642\u9593\" \/>\n\t<meta name=\"twitter:data1\" content=\"2\u5206\" \/>\n<script type=\"application\/ld+json\" class=\"yoast-schema-graph\">{\"@context\":\"https:\\\/\\\/schema.org\",\"@graph\":[{\"@type\":\"WebPage\",\"@id\":\"https:\\\/\\\/danistanomads.com\\\/ko\\\/car-rent\\\/\",\"url\":\"https:\\\/\\\/danistanomads.com\\\/ko\\\/car-rent\\\/\",\"name\":\"Car Rent Mongolia for Off-Road Adventures - Travel to Mongolia %\",\"isPartOf\":{\"@id\":\"https:\\\/\\\/danistanomads.com\\\/#website\"},\"primaryImageOfPage\":{\"@id\":\"https:\\\/\\\/danistanomads.com\\\/ko\\\/car-rent\\\/#primaryimage\"},\"image\":{\"@id\":\"https:\\\/\\\/danistanomads.com\\\/ko\\\/car-rent\\\/#primaryimage\"},\"thumbnailUrl\":\"http:\\\/\\\/danistanomads.com\\\/wp-content\\\/uploads\\\/2020\\\/11\\\/19980119_01_02_s-1-1024x768.jpg\",\"datePublished\":\"2025-03-06T07:09:34+00:00\",\"dateModified\":\"2025-03-06T09:18:08+00:00\",\"description\":\"Discover the best way to explore Mongolia with a car rent Mongolia service. Rent a Toyota Land Cruiser for your adventure.\",\"breadcrumb\":{\"@id\":\"https:\\\/\\\/danistanomads.com\\\/ko\\\/car-rent\\\/#breadcrumb\"},\"inLanguage\":\"ja\",\"potentialAction\":[{\"@type\":\"ReadAction\",\"target\":[\"https:\\\/\\\/danistanomads.com\\\/ko\\\/car-rent\\\/\"]}]},{\"@type\":\"ImageObject\",\"inLanguage\":\"ja\",\"@id\":\"https:\\\/\\\/danistanomads.com\\\/ko\\\/car-rent\\\/#primaryimage\",\"url\":\"http:\\\/\\\/danistanomads.com\\\/wp-content\\\/uploads\\\/2020\\\/11\\\/19980119_01_02_s-1-1024x768.jpg\",\"contentUrl\":\"http:\\\/\\\/danistanomads.com\\\/wp-content\\\/uploads\\\/2020\\\/11\\\/19980119_01_02_s-1-1024x768.jpg\"},{\"@type\":\"BreadcrumbList\",\"@id\":\"https:\\\/\\\/danistanomads.com\\\/ko\\\/car-rent\\\/#breadcrumb\",\"itemListElement\":[{\"@type\":\"ListItem\",\"position\":1,\"name\":\"Home\",\"item\":\"https:\\\/\\\/danistanomads.com\\\/\"},{\"@type\":\"ListItem\",\"position\":2,\"name\":\"Car rent\"}]},{\"@type\":\"WebSite\",\"@id\":\"https:\\\/\\\/danistanomads.com\\\/#website\",\"url\":\"https:\\\/\\\/danistanomads.com\\\/\",\"name\":\"Danista Nomads Tour\",\"description\":\"Tour to Mongolia-Gobi Tour -Central Mongolia -Khuvsgul lake tour\",\"publisher\":{\"@id\":\"https:\\\/\\\/danistanomads.com\\\/#organization\"},\"potentialAction\":[{\"@type\":\"SearchAction\",\"target\":{\"@type\":\"EntryPoint\",\"urlTemplate\":\"https:\\\/\\\/danistanomads.com\\\/?s={search_term_string}\"},\"query-input\":{\"@type\":\"PropertyValueSpecification\",\"valueRequired\":true,\"valueName\":\"search_term_string\"}}],\"inLanguage\":\"ja\"},{\"@type\":\"Organization\",\"@id\":\"https:\\\/\\\/danistanomads.com\\\/#organization\",\"name\":\"Danista Nomads Tour\",\"url\":\"https:\\\/\\\/danistanomads.com\\\/\",\"logo\":{\"@type\":\"ImageObject\",\"inLanguage\":\"ja\",\"@id\":\"https:\\\/\\\/danistanomads.com\\\/#\\\/schema\\\/logo\\\/image\\\/\",\"url\":\"https:\\\/\\\/danistanomads.com\\\/wp-content\\\/uploads\\\/2024\\\/11\\\/cropped-Untitled-design-4.png\",\"contentUrl\":\"https:\\\/\\\/danistanomads.com\\\/wp-content\\\/uploads\\\/2024\\\/11\\\/cropped-Untitled-design-4.png\",\"width\":500,\"height\":266,\"caption\":\"Danista Nomads Tour\"},\"image\":{\"@id\":\"https:\\\/\\\/danistanomads.com\\\/#\\\/schema\\\/logo\\\/image\\\/\"}}]}<\/script>\n<!-- \/ Yoast SEO Premium plugin. -->","yoast_head_json":{"title":"\u8eca\u3092\u501f\u30e2\u30f3\u30b4\u30eb\u30aa\u30d5\u30ed\u30fc\u30c9\u306e\u5192\u967a\u65c5\u884c\u3092\u30e2\u30f3\u30b4\u30eb%","description":"\u767a\u898b\u3092\u63a2\u7d22\u3059\u308b\u305f\u3081\u306e\u6700\u826f\u306e\u65b9\u6cd5\u306f\u30e2\u30f3\u30b4\u30eb\u3067\u306e\u8eca\u306e\u8cb8\u30e2\u30f3\u30b4\u30eb\u30b5\u30fc\u30d3\u30b9\u3067\u3059\u3002 \u5bb6\u8cc3\u30c8\u30e8\u30bf\u30e9\u30f3\u30c9\u30af\u30eb\u30fc\u30b6\u30fc\u69d8\u306e\u5192\u967a\u3092\u3057\u307e\u3057\u305f\u3002","robots":{"index":"index","follow":"follow","max-snippet":"max-snippet:-1","max-image-preview":"max-image-preview:large","max-video-preview":"max-video-preview:-1"},"canonical":"https:\/\/danistanomads.com\/ja\/car-rent\/","og_locale":"ja_JP","og_type":"article","og_title":"Car rent","og_description":"Why you need a rent car for travel in Mongolia.Off-Road Adventures: Mongolia\u2019s best travel spots \u2014 like the Gobi Desert, Altai Mountains, and Khuvsgul Lake \u2014 often have no paved roads, just dirt tracks and rough trails. A 4WD handles these with ease.Weather Conditions: Rain can turn dirt roads into muddy challenges, and winter brings snow and ice. A 4WD offers the traction and power needed to navigate safely.Remote Locations: Many of Mongolia\u2019s most beautiful places are far from cities, with no nearby infrastructure. A reliable 4WD ensures you can reach these spots without getting stranded.Camping and Gear: Travelers often bring tents, food, and supplies for long road trips. A 4WD provides enough space and the ability to carry heavy loads over difficult terrain.River Crossings: In remote areas, you might encounter unbridged rivers. A 4WD\u2019s high clearance and power make these crossings possible.Wildlife and Nomadic Life: If you want to visit nomadic families, explore the steppes, or watch wildlife, you\u2019ll often need to drive off established paths \u2014 which a 4WD is built f","og_url":"https:\/\/danistanomads.com\/ja\/car-rent\/","og_site_name":"Travel to Mongolia","article_modified_time":"2025-03-06T09:18:08+00:00","og_image":[{"url":"http:\/\/danistanomads.com\/wp-content\/uploads\/2020\/11\/19980119_01_02_s-1-1024x768.jpg","type":"","width":"","height":""}],"twitter_card":"summary_large_image","twitter_misc":{"\u63a8\u5b9a\u8aad\u307f\u53d6\u308a\u6642\u9593":"2\u5206"},"schema":{"@context":"https:\/\/schema.org","@graph":[{"@type":"WebPage","@id":"https:\/\/danistanomads.com\/ko\/car-rent\/","url":"https:\/\/danistanomads.com\/ko\/car-rent\/","name":"\u8eca\u3092\u501f\u30e2\u30f3\u30b4\u30eb\u30aa\u30d5\u30ed\u30fc\u30c9\u306e\u5192\u967a\u65c5\u884c\u3092\u30e2\u30f3\u30b4\u30eb%","isPartOf":{"@id":"https:\/\/danistanomads.com\/#website"},"primaryImageOfPage":{"@id":"https:\/\/danistanomads.com\/ko\/car-rent\/#primaryimage"},"image":{"@id":"https:\/\/danistanomads.com\/ko\/car-rent\/#primaryimage"},"thumbnailUrl":"http:\/\/danistanomads.com\/wp-content\/uploads\/2020\/11\/19980119_01_02_s-1-1024x768.jpg","datePublished":"2025-03-06T07:09:34+00:00","dateModified":"2025-03-06T09:18:08+00:00","description":"\u767a\u898b\u3092\u63a2\u7d22\u3059\u308b\u305f\u3081\u306e\u6700\u826f\u306e\u65b9\u6cd5\u306f\u30e2\u30f3\u30b4\u30eb\u3067\u306e\u8eca\u306e\u8cb8\u30e2\u30f3\u30b4\u30eb\u30b5\u30fc\u30d3\u30b9\u3067\u3059\u3002 \u5bb6\u8cc3\u30c8\u30e8\u30bf\u30e9\u30f3\u30c9\u30af\u30eb\u30fc\u30b6\u30fc\u69d8\u306e\u5192\u967a\u3092\u3057\u307e\u3057\u305f\u3002","breadcrumb":{"@id":"https:\/\/danistanomads.com\/ko\/car-rent\/#breadcrumb"},"inLanguage":"ja","potentialAction":[{"@type":"ReadAction","target":["https:\/\/danistanomads.com\/ko\/car-rent\/"]}]},{"@type":"ImageObject","inLanguage":"ja","@id":"https:\/\/danistanomads.com\/ko\/car-rent\/#primaryimage","url":"http:\/\/danistanomads.com\/wp-content\/uploads\/2020\/11\/19980119_01_02_s-1-1024x768.jpg","contentUrl":"http:\/\/danistanomads.com\/wp-content\/uploads\/2020\/11\/19980119_01_02_s-1-1024x768.jpg"},{"@type":"BreadcrumbList","@id":"https:\/\/danistanomads.com\/ko\/car-rent\/#breadcrumb","itemListElement":[{"@type":"ListItem","position":1,"name":"Home","item":"https:\/\/danistanomads.com\/"},{"@type":"ListItem","position":2,"name":"Car rent"}]},{"@type":"WebSite","@id":"https:\/\/danistanomads.com\/#website","url":"https:\/\/danistanomads.com\/","name":"Danista\u904a\u7267\u6c11\u30c4\u30a2\u30fc","description":"\u30c4\u30a2\u30fc\u30e2\u30f3\u30b4\u30eb-\u30b4\u30d3\u30a2-\u30e2\u30f3\u30b4\u30eb\u4e2d\u592e-Khuvsgul\u6e56\u30c4\u30a2\u30fc","publisher":{"@id":"https:\/\/danistanomads.com\/#organization"},"potentialAction":[{"@type":"SearchAction","target":{"@type":"EntryPoint","urlTemplate":"https:\/\/danistanomads.com\/?s={search_term_string}"},"query-input":{"@type":"PropertyValueSpecification","valueRequired":true,"valueName":"search_term_string"}}],"inLanguage":"ja"},{"@type":"Organization","@id":"https:\/\/danistanomads.com\/#organization","name":"Danista\u904a\u7267\u6c11\u30c4\u30a2\u30fc","url":"https:\/\/danistanomads.com\/","logo":{"@type":"ImageObject","inLanguage":"ja","@id":"https:\/\/danistanomads.com\/#\/schema\/logo\/image\/","url":"https:\/\/danistanomads.com\/wp-content\/uploads\/2024\/11\/cropped-Untitled-design-4.png","contentUrl":"https:\/\/danistanomads.com\/wp-content\/uploads\/2024\/11\/cropped-Untitled-design-4.png","width":500,"height":266,"caption":"Danista Nomads Tour"},"image":{"@id":"https:\/\/danistanomads.com\/#\/schema\/logo\/image\/"}}]}},"_links":{"self":[{"href":"https:\/\/danistanomads.com\/ja\/wp-json\/wp\/v2\/pages\/12363","targetHints":{"allow":["GET"]}}],"collection":[{"href":"https:\/\/danistanomads.com\/ja\/wp-json\/wp\/v2\/pages"}],"about":[{"href":"https:\/\/danistanomads.com\/ja\/wp-json\/wp\/v2\/types\/page"}],"author":[{"embeddable":true,"href":"https:\/\/danistanomads.com\/ja\/wp-json\/wp\/v2\/users\/1"}],"replies":[{"embeddable":true,"href":"https:\/\/danistanomads.com\/ja\/wp-json\/wp\/v2\/comments?post=12363"}],"version-history":[{"count":18,"href":"https:\/\/danistanomads.com\/ja\/wp-json\/wp\/v2\/pages\/12363\/revisions"}],"predecessor-version":[{"id":12383,"href":"https:\/\/danistanomads.com\/ja\/wp-json\/wp\/v2\/pages\/12363\/revisions\/12383"}],"wp:attachment":[{"href":"https:\/\/danistanomads.com\/ja\/wp-json\/wp\/v2\/media?parent=12363"}],"curies":[{"name":"Activities","href":"https:\/\/api.w.org\/{rel}","templated":true}]}}